{"id":490,"date":"2022-09-28T07:36:30","date_gmt":"2022-09-28T07:36:30","guid":{"rendered":"https:\/\/casadolcecasaodv.it\/?page_id=490"},"modified":"2022-12-09T08:59:32","modified_gmt":"2022-12-09T08:59:32","slug":"chi-siamo","status":"publish","type":"page","link":"https:\/\/casadolcecasaodv.it\/index.php\/chi-siamo\/","title":{"rendered":"Chi siamo"},"content":{"rendered":"\t\t<div data-elementor-type=\"wp-page\" data-elementor-id=\"490\" class=\"elementor elementor-490\">\n\t\t\t\t\t\t\t\t\t<section class=\"elementor-section elementor-top-section elementor-element elementor-element-2c982c5 elementor-section-boxed elementor-section-height-default elementor-section-height-default\" data-id=\"2c982c5\" data-element_type=\"section\">\n\t\t\t\t\t\t<div class=\"elementor-container elementor-column-gap-default\">\n\t\t\t\t\t<div class=\"elementor-column elementor-col-100 elementor-top-column elementor-element elementor-element-ccb0777\" data-id=\"ccb0777\" data-element_type=\"column\">\n\t\t\t<div class=\"elementor-widget-wrap elementor-element-populated\">\n\t\t\t\t\t\t\t\t<div class=\"elementor-element elementor-element-31b9a08 elementor-widget elementor-widget-heading\" data-id=\"31b9a08\" data-element_type=\"widget\" data-widget_type=\"heading.default\">\n\t\t\t\t<div class=\"elementor-widget-container\">\n\t\t\t<style>\/*! elementor - v3.7.7 - 20-09-2022 *\/\n.elementor-heading-title{padding:0;margin:0;line-height:1}.elementor-widget-heading .elementor-heading-title[class*=elementor-size-]>a{color:inherit;font-size:inherit;line-height:inherit}.elementor-widget-heading .elementor-heading-title.elementor-size-small{font-size:15px}.elementor-widget-heading .elementor-heading-title.elementor-size-medium{font-size:19px}.elementor-widget-heading .elementor-heading-title.elementor-size-large{font-size:29px}.elementor-widget-heading .elementor-heading-title.elementor-size-xl{font-size:39px}.elementor-widget-heading .elementor-heading-title.elementor-size-xxl{font-size:59px}<\/style><h1 class=\"elementor-heading-title elementor-size-default\">Chi siamo<\/h1>\t\t<\/div>\n\t\t\t\t<\/div>\n\t\t\t\t\t<\/div>\n\t\t<\/div>\n\t\t\t\t\t\t\t<\/div>\n\t\t<\/section>\n\t\t\t\t<section class=\"elementor-section elementor-top-section elementor-element elementor-element-87b8595 elementor-section-stretched elementor-section-boxed elementor-section-height-default elementor-section-height-default\" data-id=\"87b8595\" data-element_type=\"section\" data-settings=\"{&quot;stretch_section&quot;:&quot;section-stretched&quot;,&quot;background_background&quot;:&quot;classic&quot;}\">\n\t\t\t\t\t\t<div class=\"elementor-container elementor-column-gap-default\">\n\t\t\t\t\t<div class=\"elementor-column elementor-col-100 elementor-top-column elementor-element elementor-element-ffb129c\" data-id=\"ffb129c\" data-element_type=\"column\">\n\t\t\t<div class=\"elementor-widget-wrap elementor-element-populated\">\n\t\t\t\t\t\t\t\t<div class=\"elementor-element elementor-element-ff5b6b0 elementor-widget elementor-widget-heading\" data-id=\"ff5b6b0\" data-element_type=\"widget\" data-widget_type=\"heading.default\">\n\t\t\t\t<div class=\"elementor-widget-container\">\n\t\t\t<h1 class=\"elementor-heading-title elementor-size-default\">Chi l'ha detto<\/h1>\t\t<\/div>\n\t\t\t\t<\/div>\n\t\t\t\t<div class=\"elementor-element elementor-element-48a7c0c elementor-widget elementor-widget-spacer\" data-id=\"48a7c0c\" data-element_type=\"widget\" data-widget_type=\"spacer.default\">\n\t\t\t\t<div class=\"elementor-widget-container\">\n\t\t\t<style>\/*! elementor - v3.7.7 - 20-09-2022 *\/\n.elementor-column .elementor-spacer-inner{height:var(--spacer-size)}.e-container{--container-widget-width:100%}.e-container>.elementor-widget-spacer{width:var(--container-widget-width,var(--spacer-size));-ms-flex-item-align:stretch;align-self:stretch;-ms-flex-negative:0;flex-shrink:0}.e-container>.elementor-widget-spacer>.elementor-widget-container,.e-container>.elementor-widget-spacer>.elementor-widget-container>.elementor-spacer{height:100%}.e-container>.elementor-widget-spacer>.elementor-widget-container>.elementor-spacer>.elementor-spacer-inner{height:var(--container-widget-height,var(--spacer-size))}<\/style>\t\t<div class=\"elementor-spacer\">\n\t\t\t<div class=\"elementor-spacer-inner\"><\/div>\n\t\t<\/div>\n\t\t\t\t<\/div>\n\t\t\t\t<\/div>\n\t\t\t\t<div class=\"elementor-element elementor-element-07510a0 elementor-widget elementor-widget-heading\" data-id=\"07510a0\" data-element_type=\"widget\" data-widget_type=\"heading.default\">\n\t\t\t\t<div class=\"elementor-widget-container\">\n\t\t\t<h2 class=\"elementor-heading-title elementor-size-default\">Siamo un gruppo di genitori di ragazze e ragazzi  con disabilit\u00e0 intellettiva. \nNel giugno del 2021 ci siamo costituiti nell'associazione Casa Dolce Casa ODV per portare avanti e far crescere un  progetto di vita che sappiamo essere ambizioso ma necessario: aiutare i nostri figli a costruirsi una vita il pi\u00f9 possibile indipendente pur tenendo conto delle difficolt\u00e0 che devono affrontare. <\/h2>\t\t<\/div>\n\t\t\t\t<\/div>\n\t\t\t\t<div class=\"elementor-element elementor-element-0deacd3 elementor-widget elementor-widget-spacer\" data-id=\"0deacd3\" data-element_type=\"widget\" data-widget_type=\"spacer.default\">\n\t\t\t\t<div class=\"elementor-widget-container\">\n\t\t\t\t\t<div class=\"elementor-spacer\">\n\t\t\t<div class=\"elementor-spacer-inner\"><\/div>\n\t\t<\/div>\n\t\t\t\t<\/div>\n\t\t\t\t<\/div>\n\t\t\t\t\t<\/div>\n\t\t<\/div>\n\t\t\t\t\t\t\t<\/div>\n\t\t<\/section>\n\t\t\t\t<section class=\"elementor-section elementor-top-section elementor-element elementor-element-1442429 elementor-section-stretched elementor-reverse-tablet elementor-reverse-mobile elementor-section-boxed elementor-section-height-default elementor-section-height-default\" data-id=\"1442429\" data-element_type=\"section\" data-settings=\"{&quot;stretch_section&quot;:&quot;section-stretched&quot;,&quot;background_background&quot;:&quot;classic&quot;}\">\n\t\t\t\t\t\t<div class=\"elementor-container elementor-column-gap-default\">\n\t\t\t\t\t<div class=\"elementor-column elementor-col-50 elementor-top-column elementor-element elementor-element-49ca77e\" data-id=\"49ca77e\" data-element_type=\"column\">\n\t\t\t<div class=\"elementor-widget-wrap elementor-element-populated\">\n\t\t\t\t\t\t\t\t<div class=\"elementor-element elementor-element-7cc3266 elementor-widget elementor-widget-heading\" data-id=\"7cc3266\" data-element_type=\"widget\" data-widget_type=\"heading.default\">\n\t\t\t\t<div class=\"elementor-widget-container\">\n\t\t\t<h2 class=\"elementor-heading-title elementor-size-default\">Non vogliamo che i nostri figli vivano  con noi fino a quando non potremo pi\u00f9 occuparcene per poi essere collocati in una comunit\u00e0 alloggio. \nNon solo, vogliamo fare in modo che i nostri figli continuino a vivere in autonomia, ma vorremmo anche coinvolgere altre famiglie, aumentare il numero degli appartamenti e trasformare in consuetudine sociale quello che adesso \u00e8 un\u2019innovazione. \nVogliamo costruire una realt\u00e0 sociale in cui alle persone con disabilit\u00e0 sia garantita una vita di dignit\u00e0 ed inclusione adesso e pi\u00f9 che mai \u201cdopo di noi\u201d come sancito dall\u2019art.19 della convenzione ONU sui diritti delle persone con Disabilit\u00e0 e in accordo con la legge 112\/2016 sul DOPO di NOI.<\/h2>\t\t<\/div>\n\t\t\t\t<\/div>\n\t\t\t\t\t<\/div>\n\t\t<\/div>\n\t\t\t\t<div class=\"elementor-column elementor-col-50 elementor-top-column elementor-element elementor-element-5c0e183\" data-id=\"5c0e183\" data-element_type=\"column\">\n\t\t\t<div class=\"elementor-widget-wrap elementor-element-populated\">\n\t\t\t\t\t\t\t\t<div class=\"elementor-element elementor-element-5e63c71 elementor-widget elementor-widget-image\" data-id=\"5e63c71\" data-element_type=\"widget\" data-widget_type=\"image.default\">\n\t\t\t\t<div class=\"elementor-widget-container\">\n\t\t\t<style>\/*! elementor - v3.7.7 - 20-09-2022 *\/\n.elementor-widget-image{text-align:center}.elementor-widget-image a{display:inline-block}.elementor-widget-image a img[src$=\".svg\"]{width:48px}.elementor-widget-image img{vertical-align:middle;display:inline-block}<\/style>\t\t\t\t\t\t\t\t\t\t\t\t<img width=\"1024\" height=\"682\" src=\"https:\/\/casadolcecasaodv.it\/wp-content\/uploads\/2022\/09\/striscione-1024x682.jpg\" class=\"attachment-large size-large\" alt=\"\" loading=\"lazy\" srcset=\"https:\/\/casadolcecasaodv.it\/wp-content\/uploads\/2022\/09\/striscione-1024x682.jpg 1024w, https:\/\/casadolcecasaodv.it\/wp-content\/uploads\/2022\/09\/striscione-300x200.jpg 300w, https:\/\/casadolcecasaodv.it\/wp-content\/uploads\/2022\/09\/striscione-768x512.jpg 768w, https:\/\/casadolcecasaodv.it\/wp-content\/uploads\/2022\/09\/striscione-380x253.jpg 380w, https:\/\/casadolcecasaodv.it\/wp-content\/uploads\/2022\/09\/striscione-190x127.jpg 190w, https:\/\/casadolcecasaodv.it\/wp-content\/uploads\/2022\/09\/striscione-760x506.jpg 760w, https:\/\/casadolcecasaodv.it\/wp-content\/uploads\/2022\/09\/striscione-20x13.jpg 20w\" sizes=\"(max-width: 1024px) 100vw, 1024px\" \/>\t\t\t\t\t\t\t\t\t\t\t\t\t\t\t<\/div>\n\t\t\t\t<\/div>\n\t\t\t\t<div class=\"elementor-element elementor-element-8c5bdeb elementor-widget elementor-widget-spacer\" data-id=\"8c5bdeb\" data-element_type=\"widget\" data-widget_type=\"spacer.default\">\n\t\t\t\t<div class=\"elementor-widget-container\">\n\t\t\t\t\t<div class=\"elementor-spacer\">\n\t\t\t<div class=\"elementor-spacer-inner\"><\/div>\n\t\t<\/div>\n\t\t\t\t<\/div>\n\t\t\t\t<\/div>\n\t\t\t\t\t<\/div>\n\t\t<\/div>\n\t\t\t\t\t\t\t<\/div>\n\t\t<\/section>\n\t\t\t\t<section class=\"elementor-section elementor-top-section elementor-element elementor-element-26dc400 elementor-section-stretched elementor-section-boxed elementor-section-height-default elementor-section-height-default\" data-id=\"26dc400\" data-element_type=\"section\" data-settings=\"{&quot;stretch_section&quot;:&quot;section-stretched&quot;,&quot;background_background&quot;:&quot;classic&quot;}\">\n\t\t\t\t\t\t<div class=\"elementor-container elementor-column-gap-default\">\n\t\t\t\t\t<div class=\"elementor-column elementor-col-50 elementor-top-column elementor-element elementor-element-befbf50\" data-id=\"befbf50\" data-element_type=\"column\">\n\t\t\t<div class=\"elementor-widget-wrap elementor-element-populated\">\n\t\t\t\t\t\t\t\t<div class=\"elementor-element elementor-element-62084b0 elementor-view-default elementor-widget elementor-widget-icon\" data-id=\"62084b0\" data-element_type=\"widget\" data-widget_type=\"icon.default\">\n\t\t\t\t<div class=\"elementor-widget-container\">\n\t\t\t\t\t<div class=\"elementor-icon-wrapper\">\n\t\t\t<div class=\"elementor-icon\">\n\t\t\t<i aria-hidden=\"true\" class=\"fas fa-donate\"><\/i>\t\t\t<\/div>\n\t\t<\/div>\n\t\t\t\t<\/div>\n\t\t\t\t<\/div>\n\t\t\t\t<div class=\"elementor-element elementor-element-171e0b6 elementor-widget elementor-widget-heading\" data-id=\"171e0b6\" data-element_type=\"widget\" data-widget_type=\"heading.default\">\n\t\t\t\t<div class=\"elementor-widget-container\">\n\t\t\t<h2 class=\"elementor-heading-title elementor-size-default\">Per realizzare questo progetto occorrono tempo, energia, competenze e denaro. Se vuoi, puoi fare una donazione:\n<br>\nIBAN IT69E0623012116000030368332 Cr\u00e9dit Agricole<\/h2>\t\t<\/div>\n\t\t\t\t<\/div>\n\t\t\t\t<div class=\"elementor-element elementor-element-0233d73 elementor-widget elementor-widget-spacer\" data-id=\"0233d73\" data-element_type=\"widget\" data-widget_type=\"spacer.default\">\n\t\t\t\t<div class=\"elementor-widget-container\">\n\t\t\t\t\t<div class=\"elementor-spacer\">\n\t\t\t<div class=\"elementor-spacer-inner\"><\/div>\n\t\t<\/div>\n\t\t\t\t<\/div>\n\t\t\t\t<\/div>\n\t\t\t\t\t<\/div>\n\t\t<\/div>\n\t\t\t\t<div class=\"elementor-column elementor-col-50 elementor-top-column elementor-element elementor-element-e823d3b\" data-id=\"e823d3b\" data-element_type=\"column\">\n\t\t\t<div class=\"elementor-widget-wrap elementor-element-populated\">\n\t\t\t\t\t\t\t\t<div class=\"elementor-element elementor-element-4ef10b9 elementor-view-default elementor-widget elementor-widget-icon\" data-id=\"4ef10b9\" data-element_type=\"widget\" data-widget_type=\"icon.default\">\n\t\t\t\t<div class=\"elementor-widget-container\">\n\t\t\t\t\t<div class=\"elementor-icon-wrapper\">\n\t\t\t<div class=\"elementor-icon\">\n\t\t\t<i aria-hidden=\"true\" class=\"fas fa-hands-helping\"><\/i>\t\t\t<\/div>\n\t\t<\/div>\n\t\t\t\t<\/div>\n\t\t\t\t<\/div>\n\t\t\t\t<div class=\"elementor-element elementor-element-bd6aa87 elementor-widget elementor-widget-heading\" data-id=\"bd6aa87\" data-element_type=\"widget\" data-widget_type=\"heading.default\">\n\t\t\t\t<div class=\"elementor-widget-container\">\n\t\t\t<h2 class=\"elementor-heading-title elementor-size-default\">Scegli di destinare il tuo 5 per 1000 all\u2019Associazione Casa Dolce Casa<br>\nC.F. 92309460282<\/h2>\t\t<\/div>\n\t\t\t\t<\/div>\n\t\t\t\t\t<\/div>\n\t\t<\/div>\n\t\t\t\t\t\t\t<\/div>\n\t\t<\/section>\n\t\t\t\t<section class=\"elementor-section elementor-top-section elementor-element elementor-element-e81bf7e elementor-section-stretched elementor-section-boxed elementor-section-height-default elementor-section-height-default\" data-id=\"e81bf7e\" data-element_type=\"section\" data-settings=\"{&quot;stretch_section&quot;:&quot;section-stretched&quot;,&quot;background_background&quot;:&quot;classic&quot;,&quot;shape_divider_top&quot;:&quot;waves&quot;}\">\n\t\t\t\t\t<div class=\"elementor-shape elementor-shape-top\" data-negative=\"false\">\n\t\t\t<svg xmlns=\"http:\/\/www.w3.org\/2000\/svg\" viewBox=\"0 0 1000 100\" preserveAspectRatio=\"none\">\n\t<path class=\"elementor-shape-fill\" d=\"M421.9,6.5c22.6-2.5,51.5,0.4,75.5,5.3c23.6,4.9,70.9,23.5,100.5,35.7c75.8,32.2,133.7,44.5,192.6,49.7\n\tc23.6,2.1,48.7,3.5,103.4-2.5c54.7-6,106.2-25.6,106.2-25.6V0H0v30.3c0,0,72,32.6,158.4,30.5c39.2-0.7,92.8-6.7,134-22.4\n\tc21.2-8.1,52.2-18.2,79.7-24.2C399.3,7.9,411.6,7.5,421.9,6.5z\"\/>\n<\/svg>\t\t<\/div>\n\t\t\t\t\t<div class=\"elementor-container elementor-column-gap-default\">\n\t\t\t\t\t<div class=\"elementor-column elementor-col-100 elementor-top-column elementor-element elementor-element-a005327\" data-id=\"a005327\" data-element_type=\"column\">\n\t\t\t<div class=\"elementor-widget-wrap elementor-element-populated\">\n\t\t\t\t\t\t\t\t<div class=\"elementor-element elementor-element-5800029 elementor-widget elementor-widget-spacer\" data-id=\"5800029\" data-element_type=\"widget\" data-widget_type=\"spacer.default\">\n\t\t\t\t<div class=\"elementor-widget-container\">\n\t\t\t\t\t<div class=\"elementor-spacer\">\n\t\t\t<div class=\"elementor-spacer-inner\"><\/div>\n\t\t<\/div>\n\t\t\t\t<\/div>\n\t\t\t\t<\/div>\n\t\t\t\t<div class=\"elementor-element elementor-element-c8c55a6 elementor-widget elementor-widget-heading\" data-id=\"c8c55a6\" data-element_type=\"widget\" data-widget_type=\"heading.default\">\n\t\t\t\t<div class=\"elementor-widget-container\">\n\t\t\t<h3 class=\"elementor-heading-title elementor-size-default\">Abbiamo unito le nostre forze e le nostre competenze e siamo disposti a condividerle con altri. Se sei interessato a questo progetto come genitore, educatore, volontario o semplicemente vuoi saperne di pi\u00f9: contattaci!<\/h3>\t\t<\/div>\n\t\t\t\t<\/div>\n\t\t\t\t<div class=\"elementor-element elementor-element-2177f56 elementor-align-left elementor-widget elementor-widget-button\" data-id=\"2177f56\" data-element_type=\"widget\" data-widget_type=\"button.default\">\n\t\t\t\t<div class=\"elementor-widget-container\">\n\t\t\t\t\t<div class=\"elementor-button-wrapper\">\n\t\t\t<a href=\"https:\/\/casadolcecasaodv.it\/index.php\/contatti\/\" class=\"elementor-button-link elementor-button elementor-size-md elementor-animation-grow\" role=\"button\">\n\t\t\t\t\t\t<span class=\"elementor-button-content-wrapper\">\n\t\t\t\t\t\t<span class=\"elementor-button-text\">Conosciamoci!<\/span>\n\t\t<\/span>\n\t\t\t\t\t<\/a>\n\t\t<\/div>\n\t\t\t\t<\/div>\n\t\t\t\t<\/div>\n\t\t\t\t<div class=\"elementor-element elementor-element-842b22d elementor-widget elementor-widget-spacer\" data-id=\"842b22d\" data-element_type=\"widget\" data-widget_type=\"spacer.default\">\n\t\t\t\t<div class=\"elementor-widget-container\">\n\t\t\t\t\t<div class=\"elementor-spacer\">\n\t\t\t<div class=\"elementor-spacer-inner\"><\/div>\n\t\t<\/div>\n\t\t\t\t<\/div>\n\t\t\t\t<\/div>\n\t\t\t\t\t<\/div>\n\t\t<\/div>\n\t\t\t\t\t\t\t<\/div>\n\t\t<\/section>\n\t\t\t\t\t\t\t<\/div>\n\t\t","protected":false},"excerpt":{"rendered":"<p>Chi siamo Chi l&#8217;ha detto Siamo un gruppo di genitori di ragazze e ragazzi con disabilit\u00e0 intellettiva. Nel giugno del 2021 ci siamo costituiti nell&#8217;associazione Casa Dolce Casa ODV per portare avanti e far crescere un progetto di vita che sappiamo essere ambizioso ma necessario: aiutare i nostri figli a costruirsi una vita il pi\u00f9&hellip;<\/p>\n","protected":false},"author":2,"featured_media":0,"parent":0,"menu_order":0,"comment_status":"closed","ping_status":"closed","template":"page-default.php","meta":[],"yoast_head":"<!-- This site is optimized with the Yoast SEO plugin v19.14 - https:\/\/yoast.com\/wordpress\/plugins\/seo\/ -->\n<title>Chi siamo - Casa Dolce Casa ODV<\/title>\n<meta name=\"robots\" content=\"index, follow, max-snippet:-1, max-image-preview:large, max-video-preview:-1\" \/>\n<link rel=\"canonical\" href=\"https:\/\/casadolcecasaodv.it\/index.php\/chi-siamo\/\" \/>\n<meta property=\"og:locale\" content=\"it_IT\" \/>\n<meta property=\"og:type\" content=\"article\" \/>\n<meta property=\"og:title\" content=\"Chi siamo - Casa Dolce Casa ODV\" \/>\n<meta property=\"og:description\" content=\"Chi siamo Chi l&#8217;ha detto Siamo un gruppo di genitori di ragazze e ragazzi con disabilit\u00e0 intellettiva. Nel giugno del 2021 ci siamo costituiti nell&#8217;associazione Casa Dolce Casa ODV per portare avanti e far crescere un progetto di vita che sappiamo essere ambizioso ma necessario: aiutare i nostri figli a costruirsi una vita il pi\u00f9&hellip;\" \/>\n<meta property=\"og:url\" content=\"https:\/\/casadolcecasaodv.it\/index.php\/chi-siamo\/\" \/>\n<meta property=\"og:site_name\" content=\"Casa Dolce Casa ODV\" \/>\n<meta property=\"article:publisher\" content=\"https:\/\/www.facebook.com\/associazionecasadolcecasaodv\" \/>\n<meta property=\"article:modified_time\" content=\"2022-12-09T08:59:32+00:00\" \/>\n<meta property=\"og:image\" content=\"https:\/\/casadolcecasaodv.it\/wp-content\/uploads\/2022\/09\/striscione-1024x682.jpg\" \/>\n<meta name=\"twitter:card\" content=\"summary_large_image\" \/>\n<meta name=\"twitter:label1\" content=\"Tempo di lettura stimato\" \/>\n\t<meta name=\"twitter:data1\" content=\"1 minuto\" \/>\n<script type=\"application\/ld+json\" class=\"yoast-schema-graph\">{\"@context\":\"https:\/\/schema.org\",\"@graph\":[{\"@type\":\"WebPage\",\"@id\":\"https:\/\/casadolcecasaodv.it\/index.php\/chi-siamo\/\",\"url\":\"https:\/\/casadolcecasaodv.it\/index.php\/chi-siamo\/\",\"name\":\"Chi siamo - Casa Dolce Casa ODV\",\"isPartOf\":{\"@id\":\"https:\/\/casadolcecasaodv.it\/#website\"},\"datePublished\":\"2022-09-28T07:36:30+00:00\",\"dateModified\":\"2022-12-09T08:59:32+00:00\",\"breadcrumb\":{\"@id\":\"https:\/\/casadolcecasaodv.it\/index.php\/chi-siamo\/#breadcrumb\"},\"inLanguage\":\"it-IT\",\"potentialAction\":[{\"@type\":\"ReadAction\",\"target\":[\"https:\/\/casadolcecasaodv.it\/index.php\/chi-siamo\/\"]}]},{\"@type\":\"BreadcrumbList\",\"@id\":\"https:\/\/casadolcecasaodv.it\/index.php\/chi-siamo\/#breadcrumb\",\"itemListElement\":[{\"@type\":\"ListItem\",\"position\":1,\"name\":\"Home\",\"item\":\"https:\/\/casadolcecasaodv.it\/\"},{\"@type\":\"ListItem\",\"position\":2,\"name\":\"Chi siamo\"}]},{\"@type\":\"WebSite\",\"@id\":\"https:\/\/casadolcecasaodv.it\/#website\",\"url\":\"https:\/\/casadolcecasaodv.it\/\",\"name\":\"Casa Dolce Casa ODV\",\"description\":\"Chi l&#039;ha detto che non possiamo vivere da soli?\",\"publisher\":{\"@id\":\"https:\/\/casadolcecasaodv.it\/#organization\"},\"potentialAction\":[{\"@type\":\"SearchAction\",\"target\":{\"@type\":\"EntryPoint\",\"urlTemplate\":\"https:\/\/casadolcecasaodv.it\/?s={search_term_string}\"},\"query-input\":\"required name=search_term_string\"}],\"inLanguage\":\"it-IT\"},{\"@type\":\"Organization\",\"@id\":\"https:\/\/casadolcecasaodv.it\/#organization\",\"name\":\"Casa Dolce Casa ODV\",\"url\":\"https:\/\/casadolcecasaodv.it\/\",\"logo\":{\"@type\":\"ImageObject\",\"inLanguage\":\"it-IT\",\"@id\":\"https:\/\/casadolcecasaodv.it\/#\/schema\/logo\/image\/\",\"url\":\"https:\/\/casadolcecasaodv.it\/wp-content\/uploads\/2022\/09\/logo-colori.png\",\"contentUrl\":\"https:\/\/casadolcecasaodv.it\/wp-content\/uploads\/2022\/09\/logo-colori.png\",\"width\":501,\"height\":252,\"caption\":\"Casa Dolce Casa ODV\"},\"image\":{\"@id\":\"https:\/\/casadolcecasaodv.it\/#\/schema\/logo\/image\/\"},\"sameAs\":[\"https:\/\/www.facebook.com\/associazionecasadolcecasaodv\"]}]}<\/script>\n<!-- \/ Yoast SEO plugin. -->","yoast_head_json":{"title":"Chi siamo - Casa Dolce Casa ODV","robots":{"index":"index","follow":"follow","max-snippet":"max-snippet:-1","max-image-preview":"max-image-preview:large","max-video-preview":"max-video-preview:-1"},"canonical":"https:\/\/casadolcecasaodv.it\/index.php\/chi-siamo\/","og_locale":"it_IT","og_type":"article","og_title":"Chi siamo - Casa Dolce Casa ODV","og_description":"Chi siamo Chi l&#8217;ha detto Siamo un gruppo di genitori di ragazze e ragazzi con disabilit\u00e0 intellettiva. Nel giugno del 2021 ci siamo costituiti nell&#8217;associazione Casa Dolce Casa ODV per portare avanti e far crescere un progetto di vita che sappiamo essere ambizioso ma necessario: aiutare i nostri figli a costruirsi una vita il pi\u00f9&hellip;","og_url":"https:\/\/casadolcecasaodv.it\/index.php\/chi-siamo\/","og_site_name":"Casa Dolce Casa ODV","article_publisher":"https:\/\/www.facebook.com\/associazionecasadolcecasaodv","article_modified_time":"2022-12-09T08:59:32+00:00","og_image":[{"url":"https:\/\/casadolcecasaodv.it\/wp-content\/uploads\/2022\/09\/striscione-1024x682.jpg"}],"twitter_card":"summary_large_image","twitter_misc":{"Tempo di lettura stimato":"1 minuto"},"schema":{"@context":"https:\/\/schema.org","@graph":[{"@type":"WebPage","@id":"https:\/\/casadolcecasaodv.it\/index.php\/chi-siamo\/","url":"https:\/\/casadolcecasaodv.it\/index.php\/chi-siamo\/","name":"Chi siamo - Casa Dolce Casa ODV","isPartOf":{"@id":"https:\/\/casadolcecasaodv.it\/#website"},"datePublished":"2022-09-28T07:36:30+00:00","dateModified":"2022-12-09T08:59:32+00:00","breadcrumb":{"@id":"https:\/\/casadolcecasaodv.it\/index.php\/chi-siamo\/#breadcrumb"},"inLanguage":"it-IT","potentialAction":[{"@type":"ReadAction","target":["https:\/\/casadolcecasaodv.it\/index.php\/chi-siamo\/"]}]},{"@type":"BreadcrumbList","@id":"https:\/\/casadolcecasaodv.it\/index.php\/chi-siamo\/#breadcrumb","itemListElement":[{"@type":"ListItem","position":1,"name":"Home","item":"https:\/\/casadolcecasaodv.it\/"},{"@type":"ListItem","position":2,"name":"Chi siamo"}]},{"@type":"WebSite","@id":"https:\/\/casadolcecasaodv.it\/#website","url":"https:\/\/casadolcecasaodv.it\/","name":"Casa Dolce Casa ODV","description":"Chi l&#039;ha detto che non possiamo vivere da soli?","publisher":{"@id":"https:\/\/casadolcecasaodv.it\/#organization"},"potentialAction":[{"@type":"SearchAction","target":{"@type":"EntryPoint","urlTemplate":"https:\/\/casadolcecasaodv.it\/?s={search_term_string}"},"query-input":"required name=search_term_string"}],"inLanguage":"it-IT"},{"@type":"Organization","@id":"https:\/\/casadolcecasaodv.it\/#organization","name":"Casa Dolce Casa ODV","url":"https:\/\/casadolcecasaodv.it\/","logo":{"@type":"ImageObject","inLanguage":"it-IT","@id":"https:\/\/casadolcecasaodv.it\/#\/schema\/logo\/image\/","url":"https:\/\/casadolcecasaodv.it\/wp-content\/uploads\/2022\/09\/logo-colori.png","contentUrl":"https:\/\/casadolcecasaodv.it\/wp-content\/uploads\/2022\/09\/logo-colori.png","width":501,"height":252,"caption":"Casa Dolce Casa ODV"},"image":{"@id":"https:\/\/casadolcecasaodv.it\/#\/schema\/logo\/image\/"},"sameAs":["https:\/\/www.facebook.com\/associazionecasadolcecasaodv"]}]}},"_links":{"self":[{"href":"https:\/\/casadolcecasaodv.it\/index.php\/wp-json\/wp\/v2\/pages\/490"}],"collection":[{"href":"https:\/\/casadolcecasaodv.it\/index.php\/wp-json\/wp\/v2\/pages"}],"about":[{"href":"https:\/\/casadolcecasaodv.it\/index.php\/wp-json\/wp\/v2\/types\/page"}],"author":[{"embeddable":true,"href":"https:\/\/casadolcecasaodv.it\/index.php\/wp-json\/wp\/v2\/users\/2"}],"replies":[{"embeddable":true,"href":"https:\/\/casadolcecasaodv.it\/index.php\/wp-json\/wp\/v2\/comments?post=490"}],"version-history":[{"count":35,"href":"https:\/\/casadolcecasaodv.it\/index.php\/wp-json\/wp\/v2\/pages\/490\/revisions"}],"predecessor-version":[{"id":881,"href":"https:\/\/casadolcecasaodv.it\/index.php\/wp-json\/wp\/v2\/pages\/490\/revisions\/881"}],"wp:attachment":[{"href":"https:\/\/casadolcecasaodv.it\/index.php\/wp-json\/wp\/v2\/media?parent=490"}],"curies":[{"name":"wp","href":"https:\/\/api.w.org\/{rel}","templated":true}]}}